{"id":2586,"date":"2022-03-24T09:57:47","date_gmt":"2022-03-24T08:57:47","guid":{"rendered":"https:\/\/colibri.hr\/wp\/?post_type=product&#038;p=2586"},"modified":"2024-03-19T10:53:17","modified_gmt":"2024-03-19T09:53:17","slug":"bt-401-s","status":"publish","type":"product","link":"https:\/\/colibri.hr\/wp\/product\/bt-401-s\/","title":{"rendered":"BT 401 S"},"content":{"rendered":"","protected":false},"excerpt":{"rendered":"<p>Bertolini motokultivator model 401 S najmanji je iz serije Bertolini motokultivatora. Namjenjen je za ku\u0107evlasnike i male tvrtke u podru\u010dju hortikulture. Iznimno je funkcionalan i nudi optimalnu kombinaciju jednostavnosti kori\u0161tenja i sigurnosti.<\/p>\n","protected":false},"featured_media":2587,"comment_status":"open","ping_status":"closed","template":"","meta":[],"product_brand":[],"product_cat":[59,56],"product_tag":[],"class_list":{"0":"post-2586","1":"product","2":"type-product","3":"status-publish","4":"has-post-thumbnail","6":"product_cat-bertolini-kopacice-i-motokultivatori","7":"product_cat-kopacice-i-motokultivatori","9":"first","10":"instock","11":"shipping-taxable","12":"product-type-simple"},"yoast_head":"<!-- This site is optimized with the Yoast SEO plugin v27.2 - https:\/\/yoast.com\/product\/yoast-seo-wordpress\/ -->\n<title>BT 401 S - Colibri<\/title>\n<meta name=\"robots\" content=\"index, follow, max-snippet:-1, max-image-preview:large, max-video-preview:-1\" \/>\n<link rel=\"canonical\" href=\"https:\/\/colibri.hr\/wp\/product\/bt-401-s\/\" \/>\n<meta property=\"og:locale\" content=\"hr_HR\" \/>\n<meta property=\"og:type\" content=\"article\" \/>\n<meta property=\"og:title\" content=\"BT 401 S - Colibri\" \/>\n<meta property=\"og:description\" content=\"Bertolini motokultivator model 401 S najmanji je iz serije Bertolini motokultivatora. Namjenjen je za ku\u0107evlasnike i male tvrtke u podru\u010dju hortikulture. Iznimno je funkcionalan i nudi optimalnu kombinaciju jednostavnosti kori\u0161tenja i sigurnosti.\" \/>\n<meta property=\"og:url\" content=\"https:\/\/colibri.hr\/wp\/product\/bt-401-s\/\" \/>\n<meta property=\"og:site_name\" content=\"Colibri\" \/>\n<meta property=\"article:modified_time\" content=\"2024-03-19T09:53:17+00:00\" \/>\n<meta property=\"og:image\" content=\"https:\/\/colibri.hr\/wp\/wp-content\/uploads\/2022\/03\/bt_401s_dx.jpg__600x600_q85_subsampling-2.jpg\" \/>\n\t<meta property=\"og:image:width\" content=\"600\" \/>\n\t<meta property=\"og:image:height\" content=\"600\" \/>\n\t<meta property=\"og:image:type\" content=\"image\/jpeg\" \/>\n<meta name=\"twitter:card\" content=\"summary_large_image\" \/>\n<script type=\"application\/ld+json\" class=\"yoast-schema-graph\">{\"@context\":\"https:\/\/schema.org\",\"@graph\":[{\"@type\":\"WebPage\",\"@id\":\"https:\/\/colibri.hr\/wp\/product\/bt-401-s\/\",\"url\":\"https:\/\/colibri.hr\/wp\/product\/bt-401-s\/\",\"name\":\"BT 401 S - Colibri\",\"isPartOf\":{\"@id\":\"https:\/\/colibri.hr\/wp\/#website\"},\"primaryImageOfPage\":{\"@id\":\"https:\/\/colibri.hr\/wp\/product\/bt-401-s\/#primaryimage\"},\"image\":{\"@id\":\"https:\/\/colibri.hr\/wp\/product\/bt-401-s\/#primaryimage\"},\"thumbnailUrl\":\"https:\/\/colibri.hr\/wp\/wp-content\/uploads\/2022\/03\/bt_401s_dx.jpg__600x600_q85_subsampling-2.jpg\",\"datePublished\":\"2022-03-24T08:57:47+00:00\",\"dateModified\":\"2024-03-19T09:53:17+00:00\",\"breadcrumb\":{\"@id\":\"https:\/\/colibri.hr\/wp\/product\/bt-401-s\/#breadcrumb\"},\"inLanguage\":\"hr\",\"potentialAction\":[{\"@type\":\"ReadAction\",\"target\":[\"https:\/\/colibri.hr\/wp\/product\/bt-401-s\/\"]}]},{\"@type\":\"ImageObject\",\"inLanguage\":\"hr\",\"@id\":\"https:\/\/colibri.hr\/wp\/product\/bt-401-s\/#primaryimage\",\"url\":\"https:\/\/colibri.hr\/wp\/wp-content\/uploads\/2022\/03\/bt_401s_dx.jpg__600x600_q85_subsampling-2.jpg\",\"contentUrl\":\"https:\/\/colibri.hr\/wp\/wp-content\/uploads\/2022\/03\/bt_401s_dx.jpg__600x600_q85_subsampling-2.jpg\",\"width\":600,\"height\":600},{\"@type\":\"BreadcrumbList\",\"@id\":\"https:\/\/colibri.hr\/wp\/product\/bt-401-s\/#breadcrumb\",\"itemListElement\":[{\"@type\":\"ListItem\",\"position\":1,\"name\":\"Po\u010detna stranica\",\"item\":\"https:\/\/colibri.hr\/wp\/\"},{\"@type\":\"ListItem\",\"position\":2,\"name\":\"shop\",\"item\":\"https:\/\/colibri.hr\/wp\/shop\/\"},{\"@type\":\"ListItem\",\"position\":3,\"name\":\"BT 401 S\"}]},{\"@type\":\"WebSite\",\"@id\":\"https:\/\/colibri.hr\/wp\/#website\",\"url\":\"https:\/\/colibri.hr\/wp\/\",\"name\":\"Colibri\",\"description\":\"Servis\",\"publisher\":{\"@id\":\"https:\/\/colibri.hr\/wp\/#organization\"},\"potentialAction\":[{\"@type\":\"SearchAction\",\"target\":{\"@type\":\"EntryPoint\",\"urlTemplate\":\"https:\/\/colibri.hr\/wp\/?s={search_term_string}\"},\"query-input\":{\"@type\":\"PropertyValueSpecification\",\"valueRequired\":true,\"valueName\":\"search_term_string\"}}],\"inLanguage\":\"hr\"},{\"@type\":\"Organization\",\"@id\":\"https:\/\/colibri.hr\/wp\/#organization\",\"name\":\"Colibri\",\"url\":\"https:\/\/colibri.hr\/wp\/\",\"logo\":{\"@type\":\"ImageObject\",\"inLanguage\":\"hr\",\"@id\":\"https:\/\/colibri.hr\/wp\/#\/schema\/logo\/image\/\",\"url\":\"https:\/\/colibri.hr\/wp\/wp-content\/uploads\/2022\/03\/cropped-cropped-cropped-cropped-colibrilogooo-updated_new.png\",\"contentUrl\":\"https:\/\/colibri.hr\/wp\/wp-content\/uploads\/2022\/03\/cropped-cropped-cropped-cropped-colibrilogooo-updated_new.png\",\"width\":1369,\"height\":331,\"caption\":\"Colibri\"},\"image\":{\"@id\":\"https:\/\/colibri.hr\/wp\/#\/schema\/logo\/image\/\"}}]}<\/script>\n<!-- \/ Yoast SEO plugin. -->","yoast_head_json":{"title":"BT 401 S - Colibri","robots":{"index":"index","follow":"follow","max-snippet":"max-snippet:-1","max-image-preview":"max-image-preview:large","max-video-preview":"max-video-preview:-1"},"canonical":"https:\/\/colibri.hr\/wp\/product\/bt-401-s\/","og_locale":"hr_HR","og_type":"article","og_title":"BT 401 S - Colibri","og_description":"Bertolini motokultivator model 401 S najmanji je iz serije Bertolini motokultivatora. Namjenjen je za ku\u0107evlasnike i male tvrtke u podru\u010dju hortikulture. Iznimno je funkcionalan i nudi optimalnu kombinaciju jednostavnosti kori\u0161tenja i sigurnosti.","og_url":"https:\/\/colibri.hr\/wp\/product\/bt-401-s\/","og_site_name":"Colibri","article_modified_time":"2024-03-19T09:53:17+00:00","og_image":[{"width":600,"height":600,"url":"https:\/\/colibri.hr\/wp\/wp-content\/uploads\/2022\/03\/bt_401s_dx.jpg__600x600_q85_subsampling-2.jpg","type":"image\/jpeg"}],"twitter_card":"summary_large_image","schema":{"@context":"https:\/\/schema.org","@graph":[{"@type":"WebPage","@id":"https:\/\/colibri.hr\/wp\/product\/bt-401-s\/","url":"https:\/\/colibri.hr\/wp\/product\/bt-401-s\/","name":"BT 401 S - Colibri","isPartOf":{"@id":"https:\/\/colibri.hr\/wp\/#website"},"primaryImageOfPage":{"@id":"https:\/\/colibri.hr\/wp\/product\/bt-401-s\/#primaryimage"},"image":{"@id":"https:\/\/colibri.hr\/wp\/product\/bt-401-s\/#primaryimage"},"thumbnailUrl":"https:\/\/colibri.hr\/wp\/wp-content\/uploads\/2022\/03\/bt_401s_dx.jpg__600x600_q85_subsampling-2.jpg","datePublished":"2022-03-24T08:57:47+00:00","dateModified":"2024-03-19T09:53:17+00:00","breadcrumb":{"@id":"https:\/\/colibri.hr\/wp\/product\/bt-401-s\/#breadcrumb"},"inLanguage":"hr","potentialAction":[{"@type":"ReadAction","target":["https:\/\/colibri.hr\/wp\/product\/bt-401-s\/"]}]},{"@type":"ImageObject","inLanguage":"hr","@id":"https:\/\/colibri.hr\/wp\/product\/bt-401-s\/#primaryimage","url":"https:\/\/colibri.hr\/wp\/wp-content\/uploads\/2022\/03\/bt_401s_dx.jpg__600x600_q85_subsampling-2.jpg","contentUrl":"https:\/\/colibri.hr\/wp\/wp-content\/uploads\/2022\/03\/bt_401s_dx.jpg__600x600_q85_subsampling-2.jpg","width":600,"height":600},{"@type":"BreadcrumbList","@id":"https:\/\/colibri.hr\/wp\/product\/bt-401-s\/#breadcrumb","itemListElement":[{"@type":"ListItem","position":1,"name":"Po\u010detna stranica","item":"https:\/\/colibri.hr\/wp\/"},{"@type":"ListItem","position":2,"name":"shop","item":"https:\/\/colibri.hr\/wp\/shop\/"},{"@type":"ListItem","position":3,"name":"BT 401 S"}]},{"@type":"WebSite","@id":"https:\/\/colibri.hr\/wp\/#website","url":"https:\/\/colibri.hr\/wp\/","name":"Colibri","description":"Servis","publisher":{"@id":"https:\/\/colibri.hr\/wp\/#organization"},"potentialAction":[{"@type":"SearchAction","target":{"@type":"EntryPoint","urlTemplate":"https:\/\/colibri.hr\/wp\/?s={search_term_string}"},"query-input":{"@type":"PropertyValueSpecification","valueRequired":true,"valueName":"search_term_string"}}],"inLanguage":"hr"},{"@type":"Organization","@id":"https:\/\/colibri.hr\/wp\/#organization","name":"Colibri","url":"https:\/\/colibri.hr\/wp\/","logo":{"@type":"ImageObject","inLanguage":"hr","@id":"https:\/\/colibri.hr\/wp\/#\/schema\/logo\/image\/","url":"https:\/\/colibri.hr\/wp\/wp-content\/uploads\/2022\/03\/cropped-cropped-cropped-cropped-colibrilogooo-updated_new.png","contentUrl":"https:\/\/colibri.hr\/wp\/wp-content\/uploads\/2022\/03\/cropped-cropped-cropped-cropped-colibrilogooo-updated_new.png","width":1369,"height":331,"caption":"Colibri"},"image":{"@id":"https:\/\/colibri.hr\/wp\/#\/schema\/logo\/image\/"}}]}},"_links":{"self":[{"href":"https:\/\/colibri.hr\/wp\/wp-json\/wp\/v2\/product\/2586","targetHints":{"allow":["GET"]}}],"collection":[{"href":"https:\/\/colibri.hr\/wp\/wp-json\/wp\/v2\/product"}],"about":[{"href":"https:\/\/colibri.hr\/wp\/wp-json\/wp\/v2\/types\/product"}],"replies":[{"embeddable":true,"href":"https:\/\/colibri.hr\/wp\/wp-json\/wp\/v2\/comments?post=2586"}],"wp:featuredmedia":[{"embeddable":true,"href":"https:\/\/colibri.hr\/wp\/wp-json\/wp\/v2\/media\/2587"}],"wp:attachment":[{"href":"https:\/\/colibri.hr\/wp\/wp-json\/wp\/v2\/media?parent=2586"}],"wp:term":[{"taxonomy":"product_brand","embeddable":true,"href":"https:\/\/colibri.hr\/wp\/wp-json\/wp\/v2\/product_brand?post=2586"},{"taxonomy":"product_cat","embeddable":true,"href":"https:\/\/colibri.hr\/wp\/wp-json\/wp\/v2\/product_cat?post=2586"},{"taxonomy":"product_tag","embeddable":true,"href":"https:\/\/colibri.hr\/wp\/wp-json\/wp\/v2\/product_tag?post=2586"}],"curies":[{"name":"wp","href":"https:\/\/api.w.org\/{rel}","templated":true}]}}